{"id":4577,"date":"2022-09-20T14:06:17","date_gmt":"2022-09-20T12:06:17","guid":{"rendered":"https:\/\/calendulapharma.com\/?post_type=product&#038;p=4577"},"modified":"2026-02-13T15:52:36","modified_gmt":"2026-02-13T14:52:36","slug":"immunforce-az-immunrendszer-tamogatasara","status":"publish","type":"product","link":"https:\/\/calendulapharma.com\/sk\/produkt\/immunforce-az-immunrendszer-tamogatasara\/","title":{"rendered":"Kapsula Immunforce"},"content":{"rendered":"","protected":false},"excerpt":{"rendered":"<p><span style=\"font-weight: 400;\">Pre \u013eud\u00ed so stresuj\u00facim \u017eivotn\u00fdm \u0161t\u00fdlom, akt\u00edvnych dospel\u00fdch a t\u00fdch, ktor\u00ed chc\u00fa prirodzene podpori\u0165 svoj imunitn\u00fd syst\u00e9m a odolnos\u0165 organizmu.<\/span>\u00a0Odpor\u00fa\u010da sa najm\u00e4 v chladnej\u0161\u00edch mesiacoch alebo ke\u010f sa c\u00edtite slab\u00ed.<\/p>","protected":false},"featured_media":10193,"comment_status":"open","ping_status":"closed","template":"","meta":{"_acf_changed":false,"_monsterinsights_skip_tracking":false,"_monsterinsights_sitenote_active":false,"_monsterinsights_sitenote_note":"","_monsterinsights_sitenote_category":0},"product_brand":[],"product_cat":[709,708,382,717,194],"product_tag":[185],"class_list":{"0":"post-4577","1":"product","2":"type-product","3":"status-publish","4":"has-post-thumbnail","6":"product_cat-akcios-termekek","7":"product_cat-ayurveda-keszitmenyek","8":"product_cat-etrend-kiegeszitok","9":"product_cat-hu-feed","10":"product_cat-immunrendszer","11":"product_tag-immunerosites","13":"first","14":"instock","15":"shipping-taxable","16":"purchasable","17":"product-type-simple"},"acf":[],"_links":{"self":[{"href":"https:\/\/calendulapharma.com\/sk\/wp-json\/wp\/v2\/product\/4577","targetHints":{"allow":["GET"]}}],"collection":[{"href":"https:\/\/calendulapharma.com\/sk\/wp-json\/wp\/v2\/product"}],"about":[{"href":"https:\/\/calendulapharma.com\/sk\/wp-json\/wp\/v2\/types\/product"}],"replies":[{"embeddable":true,"href":"https:\/\/calendulapharma.com\/sk\/wp-json\/wp\/v2\/comments?post=4577"}],"version-history":[{"count":10,"href":"https:\/\/calendulapharma.com\/sk\/wp-json\/wp\/v2\/product\/4577\/revisions"}],"predecessor-version":[{"id":22046,"href":"https:\/\/calendulapharma.com\/sk\/wp-json\/wp\/v2\/product\/4577\/revisions\/22046"}],"wp:featuredmedia":[{"embeddable":true,"href":"https:\/\/calendulapharma.com\/sk\/wp-json\/wp\/v2\/media\/10193"}],"wp:attachment":[{"href":"https:\/\/calendulapharma.com\/sk\/wp-json\/wp\/v2\/media?parent=4577"}],"wp:term":[{"taxonomy":"product_brand","embeddable":true,"href":"https:\/\/calendulapharma.com\/sk\/wp-json\/wp\/v2\/product_brand?post=4577"},{"taxonomy":"product_cat","embeddable":true,"href":"https:\/\/calendulapharma.com\/sk\/wp-json\/wp\/v2\/product_cat?post=4577"},{"taxonomy":"product_tag","embeddable":true,"href":"https:\/\/calendulapharma.com\/sk\/wp-json\/wp\/v2\/product_tag?post=4577"}],"curies":[{"name":"wp","href":"https:\/\/api.w.org\/{rel}","templated":true}]}}