{"id":4753,"date":"2022-10-04T16:05:13","date_gmt":"2022-10-04T14:05:13","guid":{"rendered":"https:\/\/calendulapharma.com\/?post_type=product&#038;p=4753"},"modified":"2026-02-13T15:52:36","modified_gmt":"2026-02-13T14:52:36","slug":"punarnavadi-kapszula","status":"publish","type":"product","link":"https:\/\/calendulapharma.com\/sk\/produkt\/punarnavadi-kapszula\/","title":{"rendered":"Kapsula Punarnavadi"},"content":{"rendered":"<h4>OGY\u00c9I notifik\u00e1ci\u00f3s sz\u00e1m: 24710\/2020<\/h4>\n<h3><strong>F\u0150BB TULAJDONS\u00c1GOK:<\/strong><\/h3>\n<p>A punarnavadi kapszula seg\u00edti a szervezet teljes meg\u00fajul\u00e1s\u00e1t, a vese \u00e9s h\u00fagy\u00fati szervek norm\u00e1l m\u0171k\u00f6d\u00e9s\u00e9t. M\u00e1jtiszt\u00edt\u00f3, v\u00edzhajt\u00f3, v\u00e9rtiszt\u00edt\u00f3 hat\u00e1s\u00fa. Szerepet j\u00e1tszik a szervezet eg\u00e9szs\u00e9ges folyad\u00e9kh\u00e1ztart\u00e1s\u00e1ban. \u0150si indiai receptek alapj\u00e1n, gondosan v\u00e1logatott n\u00f6v\u00e9nyi alapanyagokb\u00f3l k\u00e9sz\u00fclt term\u00e9k.<\/p>\n<h3><strong>\u00d6SSZETEV\u0150K:<\/strong><\/h3>\n<ul>\n<li>Punarnava<\/li>\n<li>Mirobal\u00e1nfa gy\u00fcm\u00f6lcs<\/li>\n<li>V\u00e9gzetcserje<\/li>\n<li>Mezei kat\u00e1ng<\/li>\n<li>Petrezselyem<\/li>\n<li>Ginger<\/li>\n<li>Kurkuma)<\/li>\n<li>Gyermekl\u00e1ncf\u0171<\/li>\n<li>Bobule borievky<\/li>\n<li>Fenikel<\/li>\n<\/ul>\n<h3><strong>ADAGOL\u00c1S:<\/strong><\/h3>\n<p>Feln\u0151tteknek naponta 2-3 alkalommal 2-4 kapszula elfogyaszt\u00e1sa aj\u00e1nlott. Gyermek (7-15 \u00e9v) napi adag 2 x 1 kapszula. 7 \u00e9ves kor alatt fogyaszt\u00e1sa nem aj\u00e1nlott!<\/p>\n<h3><strong>FIGYELMEZTET\u00c9S!<\/strong><\/h3>\n<ul>\n<li>Tehotn\u00e9 \u017eeny by sa mali zdr\u017ea\u0165 pou\u017e\u00edvania po\u010das prv\u00e9ho trimestra!<\/li>\n<li>Neprekra\u010dujte odpor\u00fa\u010dan\u00e9 denn\u00e9 mno\u017estvo!<\/li>\n<li>Uchov\u00e1vajte mimo dosahu det\u00ed!<\/li>\n<li>V\u00fd\u017eivov\u00fd doplnok nenahr\u00e1dza zmie\u0161an\u00fa stravu a zdrav\u00fd \u017eivotn\u00fd \u0161t\u00fdl!<\/li>\n<\/ul>","protected":false},"excerpt":{"rendered":"<p>A punarnavadi kapszula seg\u00edti a szervezet teljes meg\u00fajul\u00e1s\u00e1t, a vese \u00e9s h\u00fagy\u00fati szervek norm\u00e1l m\u0171k\u00f6d\u00e9s\u00e9t. M\u00e1jtiszt\u00edt\u00f3, v\u00edzhajt\u00f3, v\u00e9rtiszt\u00edt\u00f3 hat\u00e1s\u00fa.<\/p>","protected":false},"featured_media":10404,"comment_status":"open","ping_status":"closed","template":"","meta":{"_acf_changed":false,"_monsterinsights_skip_tracking":false,"_monsterinsights_sitenote_active":false,"_monsterinsights_sitenote_note":"","_monsterinsights_sitenote_category":0},"product_brand":[],"product_cat":[709,211,708,382,717,344,348],"product_tag":[432],"class_list":{"0":"post-4753","1":"product","2":"type-product","3":"status-publish","4":"has-post-thumbnail","6":"product_cat-akcios-termekek","7":"product_cat-anyagcsere","8":"product_cat-ayurveda-keszitmenyek","9":"product_cat-etrend-kiegeszitok","10":"product_cat-hu-feed","11":"product_cat-hugyuti-rendszer","12":"product_cat-meregtelenites","13":"product_tag-fiatalsag","15":"first","16":"instock","17":"shipping-taxable","18":"purchasable","19":"product-type-simple"},"acf":[],"_links":{"self":[{"href":"https:\/\/calendulapharma.com\/sk\/wp-json\/wp\/v2\/product\/4753","targetHints":{"allow":["GET"]}}],"collection":[{"href":"https:\/\/calendulapharma.com\/sk\/wp-json\/wp\/v2\/product"}],"about":[{"href":"https:\/\/calendulapharma.com\/sk\/wp-json\/wp\/v2\/types\/product"}],"replies":[{"embeddable":true,"href":"https:\/\/calendulapharma.com\/sk\/wp-json\/wp\/v2\/comments?post=4753"}],"version-history":[{"count":4,"href":"https:\/\/calendulapharma.com\/sk\/wp-json\/wp\/v2\/product\/4753\/revisions"}],"predecessor-version":[{"id":21423,"href":"https:\/\/calendulapharma.com\/sk\/wp-json\/wp\/v2\/product\/4753\/revisions\/21423"}],"wp:featuredmedia":[{"embeddable":true,"href":"https:\/\/calendulapharma.com\/sk\/wp-json\/wp\/v2\/media\/10404"}],"wp:attachment":[{"href":"https:\/\/calendulapharma.com\/sk\/wp-json\/wp\/v2\/media?parent=4753"}],"wp:term":[{"taxonomy":"product_brand","embeddable":true,"href":"https:\/\/calendulapharma.com\/sk\/wp-json\/wp\/v2\/product_brand?post=4753"},{"taxonomy":"product_cat","embeddable":true,"href":"https:\/\/calendulapharma.com\/sk\/wp-json\/wp\/v2\/product_cat?post=4753"},{"taxonomy":"product_tag","embeddable":true,"href":"https:\/\/calendulapharma.com\/sk\/wp-json\/wp\/v2\/product_tag?post=4753"}],"curies":[{"name":"wp","href":"https:\/\/api.w.org\/{rel}","templated":true}]}}