{"id":6188,"date":"2023-01-30T01:01:13","date_gmt":"2023-01-30T00:01:13","guid":{"rendered":"https:\/\/calendulapharma.com\/?post_type=product&#038;p=6188"},"modified":"2026-02-13T15:55:05","modified_gmt":"2026-02-13T14:55:05","slug":"nyugtato-teakeverek","status":"publish","type":"product","link":"https:\/\/calendulapharma.com\/sk\/produkt\/nyugtato-teakeverek\/","title":{"rendered":"Upokojuj\u00faca \u010dajov\u00e1 zmes"},"content":{"rendered":"<h3>F\u0150BB TULAJDONS\u00c1GOK:<\/h3>\n<p>Bylinn\u00e1 \u010dajov\u00e1 zmes so 7 cenn\u00fdmi bylinami pre \u013eud\u00ed vystaven\u00fdch zv\u00fd\u0161en\u00e9mu psychick\u00e9mu a du\u0161evn\u00e9mu stresu. Ide\u00e1lna pomoc pre \u013eud\u00ed vystaven\u00fdch stresu v pr\u00e1ci alebo in\u00e9mu spolo\u010densk\u00e9mu stresu. Odpor\u00fa\u010da sa pre \u013eud\u00ed, ktor\u00ed sa \u0165a\u017eko socializuj\u00fa, \u0165a\u017eko sa ovl\u00e1daj\u00fa, trpia \u00fazkos\u0165ou.<\/p>\n<h3>\u00d6SSZETEV\u0150K:<\/h3>\n<ul>\n<li>Okvetn\u00e9 l\u00edstky ru\u017e\u00ed (rosa centifolia)<\/li>\n<li>Citr\u00f3nov\u00e1 tr\u00e1va (melissa officinalis)<\/li>\n<li>Harman\u010dek (matricaria chamomilla)<\/li>\n<li>Galagonya (Crataegus laevigata)<\/li>\n<li>Levandu\u013ea \u00fazkolist\u00e1 (lavandula angustifolia)<\/li>\n<li>An\u00edz (pimpinella anisum)<\/li>\n<li>Semen\u00e1 feniklu (foeniculum vulgaris)<\/li>\n<\/ul>\n<h3>HAT\u00d3ANYAGOK:<\/h3>\n<ul>\n<li>Okvetn\u00e9 l\u00edstky ru\u017e\u00ed: podporuj\u00fa du\u0161evn\u00fa rovnov\u00e1hu.<\/li>\n<li>Citr\u00f3nov\u00e1 tr\u00e1va: pom\u00e1ha udr\u017eiava\u0165 pozit\u00edvnu n\u00e1ladu.<\/li>\n<li>Harman\u010dek: pom\u00e1ha udr\u017eiava\u0165 zdrav\u00fd sp\u00e1nok.<\/li>\n<\/ul>\n<h3>FELHASZN\u00c1L\u00c1S:<\/h3>\n<p>2 \u010dajov\u00e9 ly\u017ei\u010dky bylinky varte 10-15 min\u00fat v 2 dl vody a sce\u010fte. Potom je pripraven\u00fd na pitie!<\/p>\n<h3>FIGYELMEZTET\u00c9S!<\/h3>\n<ul>\n<li>Konzum\u00e1cia po\u010das tehotenstva a doj\u010denia sa neodpor\u00fa\u010da!<\/li>\n<li>Osoby, ktor\u00e9 sa lie\u010dia, a osoby, ktor\u00e9 pravidelne u\u017e\u00edvaj\u00fa lieky, by sa mali o pou\u017e\u00edvan\u00ed tohto v\u00fdrobku poradi\u0165 so svoj\u00edm lek\u00e1rom.<\/li>\n<li>Konzum\u00e1cia tohto v\u00fdrobku nenahr\u00e1dza pestr\u00fa, vyv\u00e1\u017een\u00fa stravu a zdrav\u00fd \u017eivotn\u00fd \u0161t\u00fdl!<\/li>\n<li>Skladovanie: pri izbovej teplote<\/li>\n<\/ul>","protected":false},"excerpt":{"rendered":"<p>Bylinn\u00e1 \u010dajov\u00e1 zmes so 7 cenn\u00fdmi bylinami pre \u013eud\u00ed vystaven\u00fdch zv\u00fd\u0161en\u00e9mu psychick\u00e9mu a du\u0161evn\u00e9mu stresu. Ide\u00e1lna pomoc pre \u013eud\u00ed vystaven\u00fdch stresu v pr\u00e1ci alebo in\u00e9mu spolo\u010densk\u00e9mu stresu. Odpor\u00fa\u010da sa pre \u013eud\u00ed, ktor\u00ed sa \u0165a\u017eko socializuj\u00fa, \u0165a\u017eko sa ovl\u00e1daj\u00fa, trpia \u00fazkos\u0165ou.<\/p>","protected":false},"featured_media":10555,"comment_status":"open","ping_status":"closed","template":"","meta":{"_acf_changed":false,"_monsterinsights_skip_tracking":false,"_monsterinsights_sitenote_active":false,"_monsterinsights_sitenote_note":"","_monsterinsights_sitenote_category":0},"product_brand":[],"product_cat":[177,530,717,205],"product_tag":[187,180],"class_list":{"0":"post-6188","1":"product","2":"type-product","3":"status-publish","4":"has-post-thumbnail","6":"product_cat-agymukodes","7":"product_cat-emesztorendszeri-problemak-fajdalom","8":"product_cat-hu-feed","9":"product_cat-teakeverekek","10":"product_tag-almatlansag","11":"product_tag-stressz","13":"first","14":"instock","15":"shipping-taxable","16":"purchasable","17":"product-type-simple"},"acf":[],"_links":{"self":[{"href":"https:\/\/calendulapharma.com\/sk\/wp-json\/wp\/v2\/product\/6188","targetHints":{"allow":["GET"]}}],"collection":[{"href":"https:\/\/calendulapharma.com\/sk\/wp-json\/wp\/v2\/product"}],"about":[{"href":"https:\/\/calendulapharma.com\/sk\/wp-json\/wp\/v2\/types\/product"}],"replies":[{"embeddable":true,"href":"https:\/\/calendulapharma.com\/sk\/wp-json\/wp\/v2\/comments?post=6188"}],"version-history":[{"count":3,"href":"https:\/\/calendulapharma.com\/sk\/wp-json\/wp\/v2\/product\/6188\/revisions"}],"predecessor-version":[{"id":21438,"href":"https:\/\/calendulapharma.com\/sk\/wp-json\/wp\/v2\/product\/6188\/revisions\/21438"}],"wp:featuredmedia":[{"embeddable":true,"href":"https:\/\/calendulapharma.com\/sk\/wp-json\/wp\/v2\/media\/10555"}],"wp:attachment":[{"href":"https:\/\/calendulapharma.com\/sk\/wp-json\/wp\/v2\/media?parent=6188"}],"wp:term":[{"taxonomy":"product_brand","embeddable":true,"href":"https:\/\/calendulapharma.com\/sk\/wp-json\/wp\/v2\/product_brand?post=6188"},{"taxonomy":"product_cat","embeddable":true,"href":"https:\/\/calendulapharma.com\/sk\/wp-json\/wp\/v2\/product_cat?post=6188"},{"taxonomy":"product_tag","embeddable":true,"href":"https:\/\/calendulapharma.com\/sk\/wp-json\/wp\/v2\/product_tag?post=6188"}],"curies":[{"name":"wp","href":"https:\/\/api.w.org\/{rel}","templated":true}]}}