{"id":7443,"date":"2023-05-02T14:11:22","date_gmt":"2023-05-02T12:11:22","guid":{"rendered":"https:\/\/calendulapharma.com\/?post_type=product&#038;p=7443"},"modified":"2026-03-02T15:38:22","modified_gmt":"2026-03-02T14:38:22","slug":"eletero-csomag","status":"publish","type":"product","link":"https:\/\/calendulapharma.com\/sk\/produkt\/eletero-csomag\/","title":{"rendered":"Bal\u00edk Vitality"},"content":{"rendered":"<p>LIFE BALANCE kapszula<\/p>\n<p>180 db<\/p>\n<p>A szervezeti egyens\u00faly fenntart\u00e1s\u00e1ra. Alkalmazhat\u00f3 ment\u00e1lis zavarok, \u00e9rzelmi stressz, szorong\u00e1s, stressz, neuraszt\u00e9nia, depresszi\u00f3, neur\u00f3zis, premenstru\u00e1ci\u00f3s szindr\u00f3ma, menstru\u00e1ci\u00f3s zavarok, f\u00e1jdalmak, g\u00f6rcs\u00f6k, funkci\u00f3n\u00e1lis m\u00e9hv\u00e9rz\u00e9s, menopauza, eml\u0151 hiperpl\u00e1zia, fibr\u00f3m\u00e1k \u00e9s eml\u0151ciszt\u00e1k, kismedencei gyullad\u00e1s, mell adenoma, prostatitis, szexu\u00e1lis diszfunkci\u00f3, medd\u0151s\u00e9g, impotencia, m\u00e1jgyullad\u00e1s, m\u00e1jzsugor, epeh\u00f3lyag gyullad\u00e1s, \u00e9tv\u00e1gytalans\u00e1g eset\u00e9n.<\/p>\n<p>&nbsp;<\/p>\n<p>CELL TONICUM kapszula<\/p>\n<p>180 db<\/p>\n<p>A <strong>Cell Tonicum kapszula<\/strong> olyan sejtregener\u00e1l\u00f3 \u00e9trend-kieg\u00e9sz\u00edt\u0151, amely helyre\u00e1ll\u00edtja azt, ami elveszett, \u00e9s seg\u00edt fenntartani az ember sz\u00e1m\u00e1ra az eg\u00e9szs\u00e9ghez elengedhetetlen \u00c9letesszenci\u00e1t. A kapszula nagy seg\u00edts\u00e9g a betegs\u00e9gek megel\u0151z\u00e9sben, a lek\u00fczd\u00e9s\u00e9ben, valamint a kimer\u00fclt szervezet fel\u00e9p\u00fcl\u00e9s\u00e9ben, k\u00fcl\u00f6n\u00f6sen az id\u0151s betegek sz\u00e1m\u00e1ra. Ez a k\u00e9sz\u00edtm\u00e9ny megfelel\u0151 t\u00fcnetek eset\u00e9n sz\u00e1mos rendelleness\u00e9g kezel\u00e9s\u00e9re haszn\u00e1lhat\u00f3, mint p\u00e9ld\u00e1ul f\u00e1radts\u00e1g, v\u00e9rszeg\u00e9nys\u00e9g, kr\u00f3nikus h\u00f6rghurut, kr\u00f3nikus nefritisz \u00e9s magas v\u00e9rnyom\u00e1s (k\u00fcl\u00f6n\u00f6sen id\u0151s betegekn\u00e9l), sz\u00e9d\u00fcl\u00e9s, feled\u00e9kenys\u00e9g, demencia, f\u00fclz\u00fag\u00e1s, f\u00e1jdalom \u00e9s gyenges\u00e9g a der\u00e9kban \u00e9s a l\u00e1bakban, kr\u00f3nikus der\u00e9kt\u00e1ji panaszok, \u00e9jszakai mag\u00f6ml\u00e9s, impotencia, \u00e9jszakai izzad\u00e1s, h\u0151hull\u00e1mok, sz\u00e1j- \u00e9s toroksz\u00e1razs\u00e1g, vizeletcsepeg\u00e9s, \u00e1lmatlans\u00e1g, hajhull\u00e1s, fogveszt\u00e9s, medd\u0151s\u00e9g, amenorrhoea<\/p>\n<p>&nbsp;<\/p>","protected":false},"excerpt":{"rendered":"<p>LIFE BALANCE kapszula<\/p>\n<p>180 db<\/p>\n<p>A szervezeti egyens\u00faly fenntart\u00e1s\u00e1ra. Alkalmazhat\u00f3 ment\u00e1lis zavarok, \u00e9rzelmi stressz, szorong\u00e1s, stressz, neuraszt\u00e9nia, depresszi\u00f3, neur\u00f3zis, premenstru\u00e1ci\u00f3s szindr\u00f3ma, menstru\u00e1ci\u00f3s zavarok, f\u00e1jdalmak, g\u00f6rcs\u00f6k, funkci\u00f3n\u00e1lis m\u00e9hv\u00e9rz\u00e9s, menopauza, eml\u0151 hiperpl\u00e1zia, fibr\u00f3m\u00e1k \u00e9s eml\u0151ciszt\u00e1k, kismedencei gyullad\u00e1s, mell adenoma, prostatitis, szexu\u00e1lis diszfunkci\u00f3, medd\u0151s\u00e9g, impotencia, m\u00e1jgyullad\u00e1s, m\u00e1jzsugor, epeh\u00f3lyag gyullad\u00e1s, \u00e9tv\u00e1gytalans\u00e1g eset\u00e9n.<\/p>\n<p>&nbsp;<\/p>\n<p>CELL TONICUM kapszula<\/p>\n<p>180 db<\/p>\n<p>A <strong>Cell Tonicum kapszula<\/strong> olyan sejtregener\u00e1l\u00f3 \u00e9trend-kieg\u00e9sz\u00edt\u0151, amely helyre\u00e1ll\u00edtja azt, ami elveszett, \u00e9s seg\u00edt fenntartani az ember sz\u00e1m\u00e1ra az eg\u00e9szs\u00e9ghez elengedhetetlen \u00c9letesszenci\u00e1t. A kapszula nagy seg\u00edts\u00e9g a betegs\u00e9gek megel\u0151z\u00e9sben, a lek\u00fczd\u00e9s\u00e9ben, valamint a kimer\u00fclt szervezet fel\u00e9p\u00fcl\u00e9s\u00e9ben, k\u00fcl\u00f6n\u00f6sen az id\u0151s betegek sz\u00e1m\u00e1ra. Ez a k\u00e9sz\u00edtm\u00e9ny megfelel\u0151 t\u00fcnetek eset\u00e9n sz\u00e1mos rendelleness\u00e9g kezel\u00e9s\u00e9re haszn\u00e1lhat\u00f3, mint p\u00e9ld\u00e1ul f\u00e1radts\u00e1g, v\u00e9rszeg\u00e9nys\u00e9g, kr\u00f3nikus h\u00f6rghurut, kr\u00f3nikus nefritisz \u00e9s magas v\u00e9rnyom\u00e1s (k\u00fcl\u00f6n\u00f6sen id\u0151s betegekn\u00e9l), sz\u00e9d\u00fcl\u00e9s, feled\u00e9kenys\u00e9g, demencia, f\u00fclz\u00fag\u00e1s, f\u00e1jdalom \u00e9s gyenges\u00e9g a der\u00e9kban \u00e9s a l\u00e1bakban, kr\u00f3nikus der\u00e9kt\u00e1ji panaszok, \u00e9jszakai mag\u00f6ml\u00e9s, impotencia, \u00e9jszakai izzad\u00e1s, h\u0151hull\u00e1mok, sz\u00e1j- \u00e9s toroksz\u00e1razs\u00e1g, vizeletcsepeg\u00e9s, \u00e1lmatlans\u00e1g, hajhull\u00e1s, fogveszt\u00e9s, medd\u0151s\u00e9g, amenorrhoea<\/p>\n<p>&nbsp;<\/p>","protected":false},"featured_media":25505,"comment_status":"open","ping_status":"closed","template":"","meta":{"_acf_changed":false,"_monsterinsights_skip_tracking":false,"_monsterinsights_sitenote_active":false,"_monsterinsights_sitenote_note":"","_monsterinsights_sitenote_category":0},"product_brand":[],"product_cat":[709,717,219],"product_tag":[],"class_list":{"0":"post-7443","1":"product","2":"type-product","3":"status-publish","4":"has-post-thumbnail","6":"product_cat-akcios-termekek","7":"product_cat-hu-feed","8":"product_cat-termekcsomagok","10":"first","11":"instock","12":"sale","13":"shipping-taxable","14":"purchasable","15":"product-type-simple"},"acf":[],"_links":{"self":[{"href":"https:\/\/calendulapharma.com\/sk\/wp-json\/wp\/v2\/product\/7443","targetHints":{"allow":["GET"]}}],"collection":[{"href":"https:\/\/calendulapharma.com\/sk\/wp-json\/wp\/v2\/product"}],"about":[{"href":"https:\/\/calendulapharma.com\/sk\/wp-json\/wp\/v2\/types\/product"}],"replies":[{"embeddable":true,"href":"https:\/\/calendulapharma.com\/sk\/wp-json\/wp\/v2\/comments?post=7443"}],"version-history":[{"count":4,"href":"https:\/\/calendulapharma.com\/sk\/wp-json\/wp\/v2\/product\/7443\/revisions"}],"predecessor-version":[{"id":23626,"href":"https:\/\/calendulapharma.com\/sk\/wp-json\/wp\/v2\/product\/7443\/revisions\/23626"}],"wp:featuredmedia":[{"embeddable":true,"href":"https:\/\/calendulapharma.com\/sk\/wp-json\/wp\/v2\/media\/25505"}],"wp:attachment":[{"href":"https:\/\/calendulapharma.com\/sk\/wp-json\/wp\/v2\/media?parent=7443"}],"wp:term":[{"taxonomy":"product_brand","embeddable":true,"href":"https:\/\/calendulapharma.com\/sk\/wp-json\/wp\/v2\/product_brand?post=7443"},{"taxonomy":"product_cat","embeddable":true,"href":"https:\/\/calendulapharma.com\/sk\/wp-json\/wp\/v2\/product_cat?post=7443"},{"taxonomy":"product_tag","embeddable":true,"href":"https:\/\/calendulapharma.com\/sk\/wp-json\/wp\/v2\/product_tag?post=7443"}],"curies":[{"name":"wp","href":"https:\/\/api.w.org\/{rel}","templated":true}]}}